{"id":1394,"date":"2022-12-17T16:34:01","date_gmt":"2022-12-17T16:34:01","guid":{"rendered":"https:\/\/provstmaria.com\/wp\/?page_id=1394"},"modified":"2023-08-01T09:26:45","modified_gmt":"2023-08-01T09:26:45","slug":"missoes-angola","status":"publish","type":"page","link":"https:\/\/provstmaria.com\/wp\/missao\/missoes-ad-gentes\/missoes-angola\/","title":{"rendered":"Miss\u00f5es &#8211; Angola"},"content":{"rendered":"\n<div class=\"wp-block-columns is-layout-flex wp-container-core-columns-is-layout-9d6595d7 wp-block-columns-is-layout-flex\">\n<div class=\"wp-block-column is-layout-flow wp-block-column-is-layout-flow\">\n<p><strong>1\u00ba envio:<\/strong> 03 de Mar\u00e7o de 1883<br><strong>Expuls\u00e3o:<\/strong> Ap\u00f3s a Rep\u00fablica de 1910<br><strong>2\u00ba envio:<\/strong> 16 de Mar\u00e7o de 1995<\/p>\n\n\n\n<div class=\"wp-block-columns is-layout-flex wp-container-core-columns-is-layout-9d6595d7 wp-block-columns-is-layout-flex\">\n<div class=\"wp-block-column is-layout-flow wp-block-column-is-layout-flow\" style=\"flex-basis:15%\"><\/div>\n\n\n\n<div class=\"wp-block-column is-layout-flow wp-block-column-is-layout-flow\" style=\"flex-basis:66.66%\">\n<p><strong><em>Actividades:<\/em><\/strong><br>&#8211; Aspirantado \/ Postulantado \/Noviciado<br>&#8211; Evangeliza\u00e7\u00e3o <br>&#8211; Promo\u00e7\u00e3o Humana<br>&#8211; Educa\u00e7\u00e3o<br>&#8211; Acolhimento a crian\u00e7as de rua <br>&#8211; Acolhimento a desalojados de guerra<br>&#8211; Voluntariado na Sa\u00fade<\/p>\n<\/div>\n<\/div>\n\n\n\n<p>&nbsp;<\/p>\n<\/div>\n\n\n\n<div class=\"wp-block-column is-layout-flow wp-block-column-is-layout-flow\"><div class=\"wp-block-image\">\n<figure class=\"aligncenter size-full is-resized\"><img loading=\"lazy\" decoding=\"async\" src=\"https:\/\/provstmaria.com\/wp\/wp-content\/uploads\/2022\/12\/Casa-de-Angola.jpg\" alt=\"\" class=\"wp-image-1400\" width=\"387\" height=\"200\"\/><figcaption class=\"wp-element-caption\">Resid\u00eancia de Luanda<\/figcaption><\/figure>\n<\/div><\/div>\n<\/div>\n\n\n\n<div class=\"wp-block-columns is-layout-flex wp-container-core-columns-is-layout-9d6595d7 wp-block-columns-is-layout-flex\">\n<div class=\"wp-block-column is-layout-flow wp-block-column-is-layout-flow\"><div class=\"wp-block-image\">\n<figure class=\"aligncenter size-full is-resized\"><img loading=\"lazy\" decoding=\"async\" src=\"https:\/\/provstmaria.com\/wp\/wp-content\/uploads\/2022\/12\/com-meninos-da-rua.gif\" alt=\"\" class=\"wp-image-1397\" width=\"250\" height=\"165\"\/><figcaption class=\"wp-element-caption\">Meninos de rua<\/figcaption><\/figure>\n<\/div><\/div>\n\n\n\n<div class=\"wp-block-column is-layout-flow wp-block-column-is-layout-flow\"><div class=\"wp-block-image\">\n<figure class=\"aligncenter size-full is-resized\"><img loading=\"lazy\" decoding=\"async\" src=\"https:\/\/provstmaria.com\/wp\/wp-content\/uploads\/2022\/12\/angola-irma_agua.gif\" alt=\"\" class=\"wp-image-1399\" width=\"250\" height=\"165\"\/><figcaption class=\"wp-element-caption\">Voluntariado no Hospital<\/figcaption><\/figure>\n<\/div><\/div>\n\n\n\n<div class=\"wp-block-column is-layout-flow wp-block-column-is-layout-flow\"><div class=\"wp-block-image\">\n<figure class=\"aligncenter size-full is-resized\"><img loading=\"lazy\" decoding=\"async\" src=\"https:\/\/provstmaria.com\/wp\/wp-content\/uploads\/2022\/12\/Luau.jpg\" alt=\"\" class=\"wp-image-1398\" width=\"217\" height=\"165\"\/><figcaption class=\"wp-element-caption\">Pastoral em Luau<\/figcaption><\/figure>\n<\/div><\/div>\n<\/div>\n\n\n\n<p>&nbsp;<\/p>\n","protected":false},"excerpt":{"rendered":"<p>1\u00ba envio: 03 de Mar\u00e7o de 1883Expuls\u00e3o: Ap\u00f3s a Rep\u00fablica de 19102\u00ba envio: 16 de Mar\u00e7o de 1995 Actividades:&#8211; Aspirantado \/ Postulantado \/Noviciado&#8211; Evangeliza\u00e7\u00e3o &#8211; Promo\u00e7\u00e3o Humana&#8211; Educa\u00e7\u00e3o&#8211; Acolhimento a &#8230;<\/p>\n","protected":false},"author":1,"featured_media":1400,"parent":1342,"menu_order":8,"comment_status":"closed","ping_status":"closed","template":"","meta":{"footnotes":""},"class_list":["post-1394","page","type-page","status-publish","has-post-thumbnail","hentry"],"yoast_head":"<!-- This site is optimized with the Yoast SEO plugin v27.5 - https:\/\/yoast.com\/product\/yoast-seo-wordpress\/ -->\n<title>Miss\u00f5es - Angola - Prov\u00edncia de Santa Maria<\/title>\n<meta name=\"description\" content=\"As miss\u00f5es s\u00e3o um exemplo poderoso de solidariedade, levando ajuda, esperan\u00e7a e cuidados essenciais \u00e0s comunidades mais vulner\u00e1veis.\" \/>\n<meta name=\"robots\" content=\"index, follow, max-snippet:-1, max-image-preview:large, max-video-preview:-1\" \/>\n<link rel=\"canonical\" href=\"https:\/\/provstmaria.com\/wp\/missao\/missoes-ad-gentes\/missoes-angola\/\" \/>\n<meta property=\"og:locale\" content=\"pt_PT\" \/>\n<meta property=\"og:type\" content=\"article\" \/>\n<meta property=\"og:title\" content=\"Miss\u00f5es - Angola - Prov\u00edncia de Santa Maria\" \/>\n<meta property=\"og:description\" content=\"As miss\u00f5es s\u00e3o um exemplo poderoso de solidariedade, levando ajuda, esperan\u00e7a e cuidados essenciais \u00e0s comunidades mais vulner\u00e1veis.\" \/>\n<meta property=\"og:url\" content=\"https:\/\/provstmaria.com\/wp\/missao\/missoes-ad-gentes\/missoes-angola\/\" \/>\n<meta property=\"og:site_name\" content=\"Prov\u00edncia de Santa Maria\" \/>\n<meta property=\"article:modified_time\" content=\"2023-08-01T09:26:45+00:00\" \/>\n<meta property=\"og:image\" content=\"https:\/\/provstmaria.com\/wp\/wp-content\/uploads\/2022\/12\/Casa-de-Angola.jpg\" \/>\n\t<meta property=\"og:image:width\" content=\"300\" \/>\n\t<meta property=\"og:image:height\" content=\"155\" \/>\n\t<meta property=\"og:image:type\" content=\"image\/jpeg\" \/>\n<meta name=\"twitter:card\" content=\"summary_large_image\" \/>\n<meta name=\"twitter:label1\" content=\"Tempo estimado de leitura\" \/>\n\t<meta name=\"twitter:data1\" content=\"2 minutos\" \/>\n<script type=\"application\/ld+json\" class=\"yoast-schema-graph\">{\"@context\":\"https:\\\/\\\/schema.org\",\"@graph\":[{\"@type\":\"WebPage\",\"@id\":\"https:\\\/\\\/provstmaria.com\\\/wp\\\/missao\\\/missoes-ad-gentes\\\/missoes-angola\\\/\",\"url\":\"https:\\\/\\\/provstmaria.com\\\/wp\\\/missao\\\/missoes-ad-gentes\\\/missoes-angola\\\/\",\"name\":\"Miss\u00f5es - Angola - Prov\u00edncia de Santa Maria\",\"isPartOf\":{\"@id\":\"https:\\\/\\\/provstmaria.com\\\/wp\\\/#website\"},\"primaryImageOfPage\":{\"@id\":\"https:\\\/\\\/provstmaria.com\\\/wp\\\/missao\\\/missoes-ad-gentes\\\/missoes-angola\\\/#primaryimage\"},\"image\":{\"@id\":\"https:\\\/\\\/provstmaria.com\\\/wp\\\/missao\\\/missoes-ad-gentes\\\/missoes-angola\\\/#primaryimage\"},\"thumbnailUrl\":\"https:\\\/\\\/provstmaria.com\\\/wp\\\/wp-content\\\/uploads\\\/2022\\\/12\\\/Casa-de-Angola.jpg\",\"datePublished\":\"2022-12-17T16:34:01+00:00\",\"dateModified\":\"2023-08-01T09:26:45+00:00\",\"description\":\"As miss\u00f5es s\u00e3o um exemplo poderoso de solidariedade, levando ajuda, esperan\u00e7a e cuidados essenciais \u00e0s comunidades mais vulner\u00e1veis.\",\"breadcrumb\":{\"@id\":\"https:\\\/\\\/provstmaria.com\\\/wp\\\/missao\\\/missoes-ad-gentes\\\/missoes-angola\\\/#breadcrumb\"},\"inLanguage\":\"pt-PT\",\"potentialAction\":[{\"@type\":\"ReadAction\",\"target\":[\"https:\\\/\\\/provstmaria.com\\\/wp\\\/missao\\\/missoes-ad-gentes\\\/missoes-angola\\\/\"]}]},{\"@type\":\"ImageObject\",\"inLanguage\":\"pt-PT\",\"@id\":\"https:\\\/\\\/provstmaria.com\\\/wp\\\/missao\\\/missoes-ad-gentes\\\/missoes-angola\\\/#primaryimage\",\"url\":\"https:\\\/\\\/provstmaria.com\\\/wp\\\/wp-content\\\/uploads\\\/2022\\\/12\\\/Casa-de-Angola.jpg\",\"contentUrl\":\"https:\\\/\\\/provstmaria.com\\\/wp\\\/wp-content\\\/uploads\\\/2022\\\/12\\\/Casa-de-Angola.jpg\",\"width\":300,\"height\":155},{\"@type\":\"BreadcrumbList\",\"@id\":\"https:\\\/\\\/provstmaria.com\\\/wp\\\/missao\\\/missoes-ad-gentes\\\/missoes-angola\\\/#breadcrumb\",\"itemListElement\":[{\"@type\":\"ListItem\",\"position\":1,\"name\":\"Home\",\"item\":\"https:\\\/\\\/provstmaria.com\\\/wp\\\/\"},{\"@type\":\"ListItem\",\"position\":2,\"name\":\"A Nossa Miss\u00e3o\",\"item\":\"https:\\\/\\\/provstmaria.com\\\/wp\\\/missao\\\/\"},{\"@type\":\"ListItem\",\"position\":3,\"name\":\"Miss\u00f5es\",\"item\":\"https:\\\/\\\/provstmaria.com\\\/wp\\\/missao\\\/missoes-ad-gentes\\\/\"},{\"@type\":\"ListItem\",\"position\":4,\"name\":\"Miss\u00f5es &#8211; Angola\"}]},{\"@type\":\"WebSite\",\"@id\":\"https:\\\/\\\/provstmaria.com\\\/wp\\\/#website\",\"url\":\"https:\\\/\\\/provstmaria.com\\\/wp\\\/\",\"name\":\"Prov\u00edncia de Santa Maria\",\"description\":\"Site da Prov\u00edncia de Santa Maria\",\"potentialAction\":[{\"@type\":\"SearchAction\",\"target\":{\"@type\":\"EntryPoint\",\"urlTemplate\":\"https:\\\/\\\/provstmaria.com\\\/wp\\\/?s={search_term_string}\"},\"query-input\":{\"@type\":\"PropertyValueSpecification\",\"valueRequired\":true,\"valueName\":\"search_term_string\"}}],\"inLanguage\":\"pt-PT\"}]}<\/script>\n<!-- \/ Yoast SEO plugin. -->","yoast_head_json":{"title":"Miss\u00f5es - Angola - Prov\u00edncia de Santa Maria","description":"As miss\u00f5es s\u00e3o um exemplo poderoso de solidariedade, levando ajuda, esperan\u00e7a e cuidados essenciais \u00e0s comunidades mais vulner\u00e1veis.","robots":{"index":"index","follow":"follow","max-snippet":"max-snippet:-1","max-image-preview":"max-image-preview:large","max-video-preview":"max-video-preview:-1"},"canonical":"https:\/\/provstmaria.com\/wp\/missao\/missoes-ad-gentes\/missoes-angola\/","og_locale":"pt_PT","og_type":"article","og_title":"Miss\u00f5es - Angola - Prov\u00edncia de Santa Maria","og_description":"As miss\u00f5es s\u00e3o um exemplo poderoso de solidariedade, levando ajuda, esperan\u00e7a e cuidados essenciais \u00e0s comunidades mais vulner\u00e1veis.","og_url":"https:\/\/provstmaria.com\/wp\/missao\/missoes-ad-gentes\/missoes-angola\/","og_site_name":"Prov\u00edncia de Santa Maria","article_modified_time":"2023-08-01T09:26:45+00:00","og_image":[{"width":300,"height":155,"url":"https:\/\/provstmaria.com\/wp\/wp-content\/uploads\/2022\/12\/Casa-de-Angola.jpg","type":"image\/jpeg"}],"twitter_card":"summary_large_image","twitter_misc":{"Tempo estimado de leitura":"2 minutos"},"schema":{"@context":"https:\/\/schema.org","@graph":[{"@type":"WebPage","@id":"https:\/\/provstmaria.com\/wp\/missao\/missoes-ad-gentes\/missoes-angola\/","url":"https:\/\/provstmaria.com\/wp\/missao\/missoes-ad-gentes\/missoes-angola\/","name":"Miss\u00f5es - Angola - Prov\u00edncia de Santa Maria","isPartOf":{"@id":"https:\/\/provstmaria.com\/wp\/#website"},"primaryImageOfPage":{"@id":"https:\/\/provstmaria.com\/wp\/missao\/missoes-ad-gentes\/missoes-angola\/#primaryimage"},"image":{"@id":"https:\/\/provstmaria.com\/wp\/missao\/missoes-ad-gentes\/missoes-angola\/#primaryimage"},"thumbnailUrl":"https:\/\/provstmaria.com\/wp\/wp-content\/uploads\/2022\/12\/Casa-de-Angola.jpg","datePublished":"2022-12-17T16:34:01+00:00","dateModified":"2023-08-01T09:26:45+00:00","description":"As miss\u00f5es s\u00e3o um exemplo poderoso de solidariedade, levando ajuda, esperan\u00e7a e cuidados essenciais \u00e0s comunidades mais vulner\u00e1veis.","breadcrumb":{"@id":"https:\/\/provstmaria.com\/wp\/missao\/missoes-ad-gentes\/missoes-angola\/#breadcrumb"},"inLanguage":"pt-PT","potentialAction":[{"@type":"ReadAction","target":["https:\/\/provstmaria.com\/wp\/missao\/missoes-ad-gentes\/missoes-angola\/"]}]},{"@type":"ImageObject","inLanguage":"pt-PT","@id":"https:\/\/provstmaria.com\/wp\/missao\/missoes-ad-gentes\/missoes-angola\/#primaryimage","url":"https:\/\/provstmaria.com\/wp\/wp-content\/uploads\/2022\/12\/Casa-de-Angola.jpg","contentUrl":"https:\/\/provstmaria.com\/wp\/wp-content\/uploads\/2022\/12\/Casa-de-Angola.jpg","width":300,"height":155},{"@type":"BreadcrumbList","@id":"https:\/\/provstmaria.com\/wp\/missao\/missoes-ad-gentes\/missoes-angola\/#breadcrumb","itemListElement":[{"@type":"ListItem","position":1,"name":"Home","item":"https:\/\/provstmaria.com\/wp\/"},{"@type":"ListItem","position":2,"name":"A Nossa Miss\u00e3o","item":"https:\/\/provstmaria.com\/wp\/missao\/"},{"@type":"ListItem","position":3,"name":"Miss\u00f5es","item":"https:\/\/provstmaria.com\/wp\/missao\/missoes-ad-gentes\/"},{"@type":"ListItem","position":4,"name":"Miss\u00f5es &#8211; Angola"}]},{"@type":"WebSite","@id":"https:\/\/provstmaria.com\/wp\/#website","url":"https:\/\/provstmaria.com\/wp\/","name":"Prov\u00edncia de Santa Maria","description":"Site da Prov\u00edncia de Santa Maria","potentialAction":[{"@type":"SearchAction","target":{"@type":"EntryPoint","urlTemplate":"https:\/\/provstmaria.com\/wp\/?s={search_term_string}"},"query-input":{"@type":"PropertyValueSpecification","valueRequired":true,"valueName":"search_term_string"}}],"inLanguage":"pt-PT"}]}},"_links":{"self":[{"href":"https:\/\/provstmaria.com\/wp\/wp-json\/wp\/v2\/pages\/1394","targetHints":{"allow":["GET"]}}],"collection":[{"href":"https:\/\/provstmaria.com\/wp\/wp-json\/wp\/v2\/pages"}],"about":[{"href":"https:\/\/provstmaria.com\/wp\/wp-json\/wp\/v2\/types\/page"}],"author":[{"embeddable":true,"href":"https:\/\/provstmaria.com\/wp\/wp-json\/wp\/v2\/users\/1"}],"replies":[{"embeddable":true,"href":"https:\/\/provstmaria.com\/wp\/wp-json\/wp\/v2\/comments?post=1394"}],"version-history":[{"count":6,"href":"https:\/\/provstmaria.com\/wp\/wp-json\/wp\/v2\/pages\/1394\/revisions"}],"predecessor-version":[{"id":1657,"href":"https:\/\/provstmaria.com\/wp\/wp-json\/wp\/v2\/pages\/1394\/revisions\/1657"}],"up":[{"embeddable":true,"href":"https:\/\/provstmaria.com\/wp\/wp-json\/wp\/v2\/pages\/1342"}],"wp:featuredmedia":[{"embeddable":true,"href":"https:\/\/provstmaria.com\/wp\/wp-json\/wp\/v2\/media\/1400"}],"wp:attachment":[{"href":"https:\/\/provstmaria.com\/wp\/wp-json\/wp\/v2\/media?parent=1394"}],"curies":[{"name":"wp","href":"https:\/\/api.w.org\/{rel}","templated":true}]}}